{"id":460,"date":"2014-10-20T14:32:32","date_gmt":"2014-10-20T11:32:32","guid":{"rendered":"http:\/\/Abjakultuurimaja.ee\/uus\/?page_id=460"},"modified":"2021-03-16T11:32:41","modified_gmt":"2021-03-16T08:32:41","slug":"abja-kultuurimaja-pohimaarus","status":"publish","type":"page","link":"http:\/\/Abjakultuurimaja.ee\/uus\/abja-kultuurimaja-pohimaarus\/","title":{"rendered":"Abja kultuurimaja p\u00f5him\u00e4\u00e4rus"},"content":{"rendered":"<p><a href=\"https:\/\/www.riigiteataja.ee\/akt\/403032021009\">p\u00f5him\u00e4\u00e4rus<\/a><\/p>\n","protected":false},"excerpt":{"rendered":"<p>p\u00f5him\u00e4\u00e4rus<\/p>\n","protected":false},"author":1,"featured_media":0,"parent":0,"menu_order":0,"comment_status":"closed","ping_status":"closed","template":"","meta":[],"_links":{"self":[{"href":"http:\/\/Abjakultuurimaja.ee\/uus\/wp-json\/wp\/v2\/pages\/460"}],"collection":[{"href":"http:\/\/Abjakultuurimaja.ee\/uus\/wp-json\/wp\/v2\/pages"}],"about":[{"href":"http:\/\/Abjakultuurimaja.ee\/uus\/wp-json\/wp\/v2\/types\/page"}],"author":[{"embeddable":true,"href":"http:\/\/Abjakultuurimaja.ee\/uus\/wp-json\/wp\/v2\/users\/1"}],"replies":[{"embeddable":true,"href":"http:\/\/Abjakultuurimaja.ee\/uus\/wp-json\/wp\/v2\/comments?post=460"}],"version-history":[{"count":3,"href":"http:\/\/Abjakultuurimaja.ee\/uus\/wp-json\/wp\/v2\/pages\/460\/revisions"}],"predecessor-version":[{"id":5511,"href":"http:\/\/Abjakultuurimaja.ee\/uus\/wp-json\/wp\/v2\/pages\/460\/revisions\/5511"}],"wp:attachment":[{"href":"http:\/\/Abjakultuurimaja.ee\/uus\/wp-json\/wp\/v2\/media?parent=460"}],"curies":[{"name":"wp","href":"https:\/\/api.w.org\/{rel}","templated":true}]}}