{"id":455,"date":"2014-10-20T14:02:47","date_gmt":"2014-10-20T11:02:47","guid":{"rendered":"http:\/\/Abjakultuurimaja.ee\/uus\/?page_id=455"},"modified":"2014-10-20T14:02:47","modified_gmt":"2014-10-20T11:02:47","slug":"meelespea-klubi-luuletus","status":"publish","type":"page","link":"http:\/\/Abjakultuurimaja.ee\/uus\/meelespea-klubi-luuletus\/","title":{"rendered":"&#8220;Meelespea klubi&#8221; luuletus"},"content":{"rendered":"<p><span style=\"color: #800080;\">Mulgimaa naised kobedad, Abja mehed m\u00f5nusad,\u00a0Eesti eided eakad,\u00a0Paluoja taadid taibukad. \u00a0 \u00a0Leidsid aja kokku k\u00e4ia, kogunesid kultuurimajja.\u00a0\u00a0\u00a0\u00a0\u00a0\u00a0<\/span><\/p>\n<p><span style=\"color: #800080;\">Hakkasid asja arutama, minevikku meenutama, tulevikku tunnistama, \u00a0olevikku arvama. \u00a0 \u00a0<\/span><\/p>\n<p><span style=\"color: #800080;\">\u00a0 Kuidas talitada talve\u00f5htul, kaasata endid kevadel,\u00a0\u00a0s\u00f5brustada soojal suveajal,\u00a0suhelda s\u00fcgisel.\u00a0\u00a0\u00a0\u00a0\u00a0\u00a0\u00a0\u00a0\u00a0\u00a0\u00a0\u00a0\u00a0<\/span><\/p>\n<p><span style=\"color: #800080;\">\u00a0Et saaks s\u00f5pradega s\u00f5nelda, ajast kadunust k\u00f5nelda, tantsu taktis tammuda, lustilaulu l\u00f5\u00f5ritada.<\/span><\/p>\n<p><span style=\"color: #800080;\">Arutati, targutati, jutustati, m\u00f5istatati, m\u00f5lgutati, rehkendati ja siis l\u00f5puks otsustati. <\/span><\/p>\n<p><span style=\"color: #800080;\">Pension\u00e4ride klubi luua, n\u00f5nda tehtud. K\u00f5ik ju oli ette n\u00e4htud, joodi teed ja tantsu l\u00f6\u00f6di, v\u00f5id ja leiba peale s\u00f6\u00f6di. <\/span><\/p>\n<p><span style=\"color: #800080;\">\u00d5nnitleti s\u00fcnnip\u00e4evalapsi, vist salaja ka v\u00f5eti napsi. Aga k\u00f5ik meil olid kained, pahandusteks polnud ainest.<\/span><\/p>\n<p><span style=\"color: #800080;\">Oli see k\u00fcll p\u00e4ris ime, kust see reipus meile tuli. Daamidel n\u00e4e p\u00f5sed roosad, h\u00e4rradel ka palged r\u00f5\u00f5sad. <\/span><\/p>\n<p><span style=\"color: #800080;\">Jalad kerged, pihad sirged, jutud l\u00f5busad ja virged. Nii sai klubi jalad alla, l\u00f5bus tuju p\u00e4\u00e4ses valla.<\/span><\/p>\n<p><span style=\"color: #800080;\">Aga klubil polnud nime, lihtsalt klubiks kutsusime. Nimi siis meil leida tuli, vajalik selleks konkurss oli.<\/span><\/p>\n<p><span style=\"color: #800080;\">V\u00f5itis nimi &#8220;MEELESPEA&#8221;, leiti see on v\u00e4ga hea.<\/span><\/p>\n<p><span style=\"color: #800080;\">Tali m\u00f6\u00f6dus, kevad saabus, meie elu h\u00e4sti laabus, aitasid meid tantsuringid, pillimeeste viisikingid.<\/span><\/p>\n<p><span style=\"color: #800080;\">M\u00e4rkamatult suvi tuli, siingi tegemist meil oli, plaanisime jaani\u00f5htu, aga ilmale polnud rohtu. Kaela t\u00f5i meil vihmasaju, rikkus \u00e4ra meie tuju.<\/span><\/p>\n<p><span style=\"color: #800080;\">Juulis aga \u00fcheskoos, pension\u00e4rid olid hoos. Viljandi j\u00e4rve\u00e4\u00e4rsel rohul, vanurite p\u00e4eva puhul.<\/span><\/p>\n<p><span style=\"color: #800080;\">Hoi seal tehti alles nalja, s\u00f6\u00f6di suppi, joodi kalja. Oli naerul jaksamist, demonstreeriti ka kokkamist.<\/span><\/p>\n<p><span style=\"color: #800080;\">Nii see suveke meil valgus, k\u00e4es on j\u00e4lle s\u00fcgisalgus. Ta meil uusi m\u00f5tteid toogu, et Meelespea tegevus l\u00e4heks h\u00e4sti hoogu.<\/span><\/p>\n<p>&nbsp;<\/p>\n<p>Autor:\u00a0<strong>Ilmar Hein 24. septembril 1992<\/strong><\/p>\n<p><span style=\"color: #ff0000;\"> \u00a0 \u00a0 \u00a0 \u00a0 \u00a0 \u00a0 \u00a0 \u00a0 \u00a0 \u00a0 \u00a0 \u00a0 \u00a0 \u00a0 \u00a0 \u00a0 \u00a0 \u00a0 \u00a0 \u00a0 \u00a0 \u00a0 \u00a0 \u00a0 \u00a0 \u00a0 \u00a0 \u00a0 \u00a0 \u00a0 \u00a0 \u00a0 \u00a0 \u00a0 \u00a0 \u00a0 \u00a0 \u00a0 \u00a0 \u00a0 \u00a0 \u00a0 \u00a0 \u00a0 \u00a0 \u00a0 \u00a0 \u00a0 \u00a0 \u00a0 \u00a0 \u00a0 \u00a0 \u00a0 \u00a0 \u00a0 \u00a0 \u00a0 \u00a0 \u00a0 \u00a0 \u00a0 \u00a0 \u00a0 \u00a0 \u00a0 \u00a0 \u00a0 \u00a0 \u00a0 \u00a0 \u00a0 \u00a0 \u00a0 \u00a0 \u00a0 \u00a0 \u00a0 \u00a0 \u00a0 \u00a0 \u00a0 \u00a0 \u00a0 \u00a0 \u00a0 \u00a0 \u00a0 \u00a0 \u00a0 \u00a0 \u00a0 \u00a0 \u00a0 \u00a0 \u00a0 \u00a0 \u00a0 \u00a0 \u00a0 \u00a0 \u00a0 \u00a0 \u00a0 \u00a0 \u00a0 \u00a0 \u00a0 \u00a0 \u00a0 \u00a0 \u00a0 \u00a0 \u00a0 \u00a0 \u00a0 \u00a0 \u00a0 \u00a0 \u00a0 \u00a0 \u00a0 \u00a0 \u00a0 \u00a0 \u00a0 \u00a0 \u00a0 \u00a0 \u00a0 \u00a0 \u00a0 \u00a0<\/span><\/p>\n<p><span style=\"color: #ff0000;\">\u00a0 \u00a0 \u00a0 \u00a0 \u00a0 \u00a0 \u00a0 \u00a0 \u00a0 \u00a0 \u00a0 \u00a0 \u00a0 \u00a0 \u00a0 \u00a0 \u00a0 \u00a0 \u00a0 \u00a0 \u00a0 \u00a0 \u00a0 \u00a0 \u00a0<\/span><\/p>\n<p style=\"text-align: justify;\"><span style=\"color: #ff0000;\">\u00a0<\/span><\/p>\n<p style=\"padding-left: 60px;\">\n","protected":false},"excerpt":{"rendered":"<p>Mulgimaa naised kobedad, Abja mehed m\u00f5nusad,\u00a0Eesti eided eakad,\u00a0Paluoja taadid taibukad. \u00a0 \u00a0Leidsid aja kokku k\u00e4ia, kogunesid kultuurimajja.\u00a0\u00a0\u00a0\u00a0\u00a0\u00a0 Hakkasid asja arutama, minevikku meenutama, tulevikku tunnistama, \u00a0olevikku arvama. \u00a0 \u00a0 \u00a0 Kuidas talitada talve\u00f5htul, kaasata endid kevadel,\u00a0\u00a0s\u00f5brustada soojal suveajal,\u00a0suhelda s\u00fcgisel.\u00a0\u00a0\u00a0\u00a0\u00a0\u00a0\u00a0\u00a0\u00a0\u00a0\u00a0\u00a0\u00a0 \u00a0Et saaks s\u00f5pradega s\u00f5nelda, ajast kadunust k\u00f5nelda, tantsu taktis tammuda, lustilaulu l\u00f5\u00f5ritada. Arutati, targutati, jutustati, m\u00f5istatati, m\u00f5lgutati, [&hellip;]<\/p>\n","protected":false},"author":1,"featured_media":0,"parent":0,"menu_order":0,"comment_status":"closed","ping_status":"closed","template":"","meta":[],"_links":{"self":[{"href":"http:\/\/Abjakultuurimaja.ee\/uus\/wp-json\/wp\/v2\/pages\/455"}],"collection":[{"href":"http:\/\/Abjakultuurimaja.ee\/uus\/wp-json\/wp\/v2\/pages"}],"about":[{"href":"http:\/\/Abjakultuurimaja.ee\/uus\/wp-json\/wp\/v2\/types\/page"}],"author":[{"embeddable":true,"href":"http:\/\/Abjakultuurimaja.ee\/uus\/wp-json\/wp\/v2\/users\/1"}],"replies":[{"embeddable":true,"href":"http:\/\/Abjakultuurimaja.ee\/uus\/wp-json\/wp\/v2\/comments?post=455"}],"version-history":[{"count":2,"href":"http:\/\/Abjakultuurimaja.ee\/uus\/wp-json\/wp\/v2\/pages\/455\/revisions"}],"predecessor-version":[{"id":457,"href":"http:\/\/Abjakultuurimaja.ee\/uus\/wp-json\/wp\/v2\/pages\/455\/revisions\/457"}],"wp:attachment":[{"href":"http:\/\/Abjakultuurimaja.ee\/uus\/wp-json\/wp\/v2\/media?parent=455"}],"curies":[{"name":"wp","href":"https:\/\/api.w.org\/{rel}","templated":true}]}}