{"id":395,"date":"2014-10-16T16:59:08","date_gmt":"2014-10-16T13:59:08","guid":{"rendered":"http:\/\/abjakultuurimaja.ee\/uus\/?page_id=395"},"modified":"2025-09-11T17:18:49","modified_gmt":"2025-09-11T15:18:49","slug":"klubi-meelespea","status":"publish","type":"page","link":"http:\/\/Abjakultuurimaja.ee\/uus\/klubi-meelespea\/","title":{"rendered":"Klubi &#8220;Meelespea&#8221;"},"content":{"rendered":"<p>&#8220;Meelespea&#8221; klubi on meie maja eakate klubi, kus k\u00e4ivad koos aktiivsed, r\u00f5\u00f5msameelsed ja toredad eakad. Klubi korraldab mitmeid \u00fchisk\u00fclastusi (teater, festival, kontsert jms) ning iga kuu viimasel neljap\u00e4eval tulevad nad meie majas kokku, et \u00f5nnitleda klubi s\u00fcnnip\u00e4evalisi, ajada juttu, tantsida, laulda ning tunda ennast h\u00e4sti. Klubi\u00f5htutel on tavaks saanud kutsuda endale keegi k\u00fclla, seet\u00f5ttu on peo\u00f5htud alati ka silmaringi laiendavad. Klubi tegevust koordineerib &#8220;Meelespea&#8221; klubi juhatus eesotsas Evi Liivakuga.<\/p>\n<p><strong>Klubi &#8220;Meelespea&#8221; annab Teile teada, et nad ootavad enda sekka alati uusi liikmeid ning v\u00f5tavad soovijad r\u00f5\u00f5muga vastu! <\/strong><\/p>\n<p><span style=\"text-decoration: underline;\">Klubi saab kokku iga kuu viimasel neljap\u00e4eval.<\/span><\/p>\n<p><a href=\"http:\/\/abjakultuurimaja.ee\/uus\/wp-content\/uploads\/2014\/10\/DSC_0017.jpg\"><img decoding=\"async\" loading=\"lazy\" class=\"alignnone size-medium wp-image-396\" src=\"http:\/\/abjakultuurimaja.ee\/uus\/wp-content\/uploads\/2014\/10\/DSC_0017-300x199.jpg\" alt=\"DSC_0017\" width=\"300\" height=\"199\" srcset=\"http:\/\/abjakultuurimaja.ee\/uus\/wp-content\/uploads\/2014\/10\/DSC_0017-300x199.jpg 300w, http:\/\/abjakultuurimaja.ee\/uus\/wp-content\/uploads\/2014\/10\/DSC_0017.jpg 1024w\" sizes=\"(max-width: 300px) 100vw, 300px\" \/><\/a><\/p>\n<p><a href=\"http:\/\/abjakultuurimaja.ee\/uus\/wp-content\/uploads\/2014\/10\/DSC_0001.jpg\"><img decoding=\"async\" loading=\"lazy\" class=\"alignnone size-medium wp-image-397\" src=\"http:\/\/abjakultuurimaja.ee\/uus\/wp-content\/uploads\/2014\/10\/DSC_0001-300x199.jpg\" alt=\"DSC_0001\" width=\"300\" height=\"199\" srcset=\"http:\/\/abjakultuurimaja.ee\/uus\/wp-content\/uploads\/2014\/10\/DSC_0001-300x199.jpg 300w, http:\/\/abjakultuurimaja.ee\/uus\/wp-content\/uploads\/2014\/10\/DSC_0001.jpg 1024w\" sizes=\"(max-width: 300px) 100vw, 300px\" \/><\/a><\/p>\n<p><a href=\"http:\/\/abjakultuurimaja.ee\/uus\/wp-content\/uploads\/2014\/10\/DSC_0006.jpg\"><img decoding=\"async\" loading=\"lazy\" class=\"alignnone size-medium wp-image-398\" src=\"http:\/\/abjakultuurimaja.ee\/uus\/wp-content\/uploads\/2014\/10\/DSC_0006-300x199.jpg\" alt=\"DSC_0006\" width=\"300\" height=\"199\" srcset=\"http:\/\/abjakultuurimaja.ee\/uus\/wp-content\/uploads\/2014\/10\/DSC_0006-300x199.jpg 300w, http:\/\/abjakultuurimaja.ee\/uus\/wp-content\/uploads\/2014\/10\/DSC_0006.jpg 1024w\" sizes=\"(max-width: 300px) 100vw, 300px\" \/><\/a><\/p>\n","protected":false},"excerpt":{"rendered":"<p>&#8220;Meelespea&#8221; klubi on meie maja eakate klubi, kus k\u00e4ivad koos aktiivsed, r\u00f5\u00f5msameelsed ja toredad eakad. Klubi korraldab mitmeid \u00fchisk\u00fclastusi (teater, festival, kontsert jms) ning iga kuu viimasel neljap\u00e4eval tulevad nad meie majas kokku, et \u00f5nnitleda klubi s\u00fcnnip\u00e4evalisi, ajada juttu, tantsida, laulda ning tunda ennast h\u00e4sti. Klubi\u00f5htutel on tavaks saanud kutsuda endale keegi k\u00fclla, seet\u00f5ttu on [&hellip;]<\/p>\n","protected":false},"author":1,"featured_media":0,"parent":0,"menu_order":0,"comment_status":"closed","ping_status":"closed","template":"","meta":[],"_links":{"self":[{"href":"http:\/\/Abjakultuurimaja.ee\/uus\/wp-json\/wp\/v2\/pages\/395"}],"collection":[{"href":"http:\/\/Abjakultuurimaja.ee\/uus\/wp-json\/wp\/v2\/pages"}],"about":[{"href":"http:\/\/Abjakultuurimaja.ee\/uus\/wp-json\/wp\/v2\/types\/page"}],"author":[{"embeddable":true,"href":"http:\/\/Abjakultuurimaja.ee\/uus\/wp-json\/wp\/v2\/users\/1"}],"replies":[{"embeddable":true,"href":"http:\/\/Abjakultuurimaja.ee\/uus\/wp-json\/wp\/v2\/comments?post=395"}],"version-history":[{"count":6,"href":"http:\/\/Abjakultuurimaja.ee\/uus\/wp-json\/wp\/v2\/pages\/395\/revisions"}],"predecessor-version":[{"id":8475,"href":"http:\/\/Abjakultuurimaja.ee\/uus\/wp-json\/wp\/v2\/pages\/395\/revisions\/8475"}],"wp:attachment":[{"href":"http:\/\/Abjakultuurimaja.ee\/uus\/wp-json\/wp\/v2\/media?parent=395"}],"curies":[{"name":"wp","href":"https:\/\/api.w.org\/{rel}","templated":true}]}}