{"id":34,"date":"2014-06-06T09:41:38","date_gmt":"2014-06-06T06:41:38","guid":{"rendered":"http:\/\/abjakultuurimaja.ee\/uus\/?page_id=34"},"modified":"2025-09-11T17:12:08","modified_gmt":"2025-09-11T15:12:08","slug":"sobrad","status":"publish","type":"page","link":"http:\/\/Abjakultuurimaja.ee\/uus\/sobrad\/","title":{"rendered":"S\u00f5brad"},"content":{"rendered":"<ul>\n<li>Mulgi Vallavalitus-\u00a0\u00a0 <a href=\"http:\/\/abja.ee\/\">http:\/\/mulgi.ee\/<\/a><\/li>\n<li>Abja Noortekeskus &#8211;\u00a0<a href=\"http:\/\/noortekeskus.abja.ee\">http:\/\/noortekeskus.abja.ee<\/a><\/li>\n<li>Abja P\u00e4evakeskus<\/li>\n<li>Mulgi Ukuvakk<\/li>\n<li>Abja G\u00fcmnaasium-\u00a0<a href=\"http:\/\/abjag.vil.ee\/\">http:\/\/abjag.vil.ee\/<\/a><\/li>\n<li>Abja G\u00fcmnaasiumi Spordikompleks-\u00a0<a href=\"http:\/\/sport.abja.ee\/\">http:\/\/sport.abja.ee\/<\/a><\/li>\n<li>Abja raamatukogu-\u00a0<a href=\"http:\/\/abjaraamatukogu.ee\/\">http:\/\/abjaraamatukogu.ee\/<\/a><\/li>\n<li>Abja Lasteaed-\u00a0<a href=\"http:\/\/abjalapsed.eu\/\">http:\/\/abjalapsed.eu\/<\/a><\/li>\n<li>EKNK Abja Kogudus<\/li>\n<li>Abja Tarbijate \u00dchistu-\u00a0<a href=\"http:\/\/www.abjaty.ee\/\">http:\/\/www.abjaty.ee\/<\/a><\/li>\n<li>Abja Muusikakool-\u00a0<a href=\"http:\/\/amk.planet.ee\/\">http:\/\/amk.planet.ee\/<\/a><\/li>\n<li>Mulgi K\u00f5rts-\u00a0<a href=\"http:\/\/www.mulgikorts.ee\/\">http:\/\/www.mulgikorts.ee\/<\/a><\/li>\n<li>Popsi K\u00f6\u00f6k<\/li>\n<li>MT\u00dc Abja Kultuurisepad<\/li>\n<li>MT\u00dc Accordion Music Group<\/li>\n<li>Rahvakultuurikeskus &#8211;\u00a0<a href=\"http:\/\/www.rahvakultuur.ee\/\">http:\/\/www.rahvakultuur.ee\/<\/a><\/li>\n<li>Mulgi Kultuuri Instituut-\u00a0<a href=\"http:\/\/www.mulgimaa.ee\/?\">http:\/\/www.mulgimaa.ee\/<\/a><\/li>\n<li>Mulgimaa Arenduskoda-\u00a0<a href=\"http:\/\/www.mulgimaaarenduskoda.ee\/\">http:\/\/www.mulgimaaarenduskoda.ee\/<\/a><\/li>\n<li>Viljandimaa Omavalitsuste Liit-<a href=\"http:\/\/vol.kovtp.ee\/\">http:\/\/vol.kovtp.ee\/<\/a><\/li>\n<li>Harrastusteatrite Liit &#8211;\u00a0<a href=\"http:\/\/www.harrastusteatrid.org\u00a0\">http:\/\/www.harrastusteatrid.org\u00a0<\/a><\/li>\n<\/ul>\n","protected":false},"excerpt":{"rendered":"<p>Mulgi Vallavalitus-\u00a0\u00a0 http:\/\/mulgi.ee\/ Abja Noortekeskus &#8211;\u00a0http:\/\/noortekeskus.abja.ee Abja P\u00e4evakeskus Mulgi Ukuvakk Abja G\u00fcmnaasium-\u00a0http:\/\/abjag.vil.ee\/ Abja G\u00fcmnaasiumi Spordikompleks-\u00a0http:\/\/sport.abja.ee\/ Abja raamatukogu-\u00a0http:\/\/abjaraamatukogu.ee\/ Abja Lasteaed-\u00a0http:\/\/abjalapsed.eu\/ EKNK Abja Kogudus Abja Tarbijate \u00dchistu-\u00a0http:\/\/www.abjaty.ee\/ Abja Muusikakool-\u00a0http:\/\/amk.planet.ee\/ Mulgi K\u00f5rts-\u00a0http:\/\/www.mulgikorts.ee\/ Popsi K\u00f6\u00f6k MT\u00dc Abja Kultuurisepad MT\u00dc Accordion Music Group Rahvakultuurikeskus &#8211;\u00a0http:\/\/www.rahvakultuur.ee\/ Mulgi Kultuuri Instituut-\u00a0http:\/\/www.mulgimaa.ee\/ Mulgimaa Arenduskoda-\u00a0http:\/\/www.mulgimaaarenduskoda.ee\/ Viljandimaa Omavalitsuste Liit-http:\/\/vol.kovtp.ee\/ Harrastusteatrite Liit &#8211;\u00a0http:\/\/www.harrastusteatrid.org\u00a0<\/p>\n","protected":false},"author":1,"featured_media":0,"parent":0,"menu_order":0,"comment_status":"closed","ping_status":"closed","template":"","meta":[],"_links":{"self":[{"href":"http:\/\/Abjakultuurimaja.ee\/uus\/wp-json\/wp\/v2\/pages\/34"}],"collection":[{"href":"http:\/\/Abjakultuurimaja.ee\/uus\/wp-json\/wp\/v2\/pages"}],"about":[{"href":"http:\/\/Abjakultuurimaja.ee\/uus\/wp-json\/wp\/v2\/types\/page"}],"author":[{"embeddable":true,"href":"http:\/\/Abjakultuurimaja.ee\/uus\/wp-json\/wp\/v2\/users\/1"}],"replies":[{"embeddable":true,"href":"http:\/\/Abjakultuurimaja.ee\/uus\/wp-json\/wp\/v2\/comments?post=34"}],"version-history":[{"count":5,"href":"http:\/\/Abjakultuurimaja.ee\/uus\/wp-json\/wp\/v2\/pages\/34\/revisions"}],"predecessor-version":[{"id":8472,"href":"http:\/\/Abjakultuurimaja.ee\/uus\/wp-json\/wp\/v2\/pages\/34\/revisions\/8472"}],"wp:attachment":[{"href":"http:\/\/Abjakultuurimaja.ee\/uus\/wp-json\/wp\/v2\/media?parent=34"}],"curies":[{"name":"wp","href":"https:\/\/api.w.org\/{rel}","templated":true}]}}