{"id":32,"date":"2014-06-06T09:41:26","date_gmt":"2014-06-06T06:41:26","guid":{"rendered":"http:\/\/abjakultuurimaja.ee\/uus\/?page_id=32"},"modified":"2014-09-30T13:16:13","modified_gmt":"2014-09-30T10:16:13","slug":"ajalugu","status":"publish","type":"page","link":"http:\/\/Abjakultuurimaja.ee\/uus\/ajalugu\/","title":{"rendered":"Ajalugu"},"content":{"rendered":"<p style=\"text-align: center;\"><strong>Killukesi Abja kultuuriloost ja pilk kultuurimaja minevikku<\/strong><\/p>\n<p><strong>Eesti Vabariigi aeg<\/strong><\/p>\n<ul>\n<li>19. sajandi l\u00f5pul ja 20. sajandi algul kujunes v\u00e4lja seltsitegevus, kultuuriga tegelejateks olid haridusseltsid, raamatukoguseltsid ja vabatahtlikud tulet\u00f5rjeseltsid Abja Perak\u00fclas, Abja-Paluojal, Penujas ja Laatres.<\/li>\n<li>Abja-Paluoja Tulet\u00f5rje Seltsil oli puhkpilliorkester, n\u00e4itering, segakoor ja hiljem ka meeskoor.<\/li>\n<li>1911. aastal moodustati Abjas esimene naiskoor, koori juhatas Raekson.<\/li>\n<li>Organiseeriti rahvapidusid ja n\u00e4item\u00e4ngu\u00f5htuid, eriti suurejoonelised olid suvised vaba\u00f5hupeod, mille \u00fcheks oluliseks osaks olid sportm\u00e4ngud (neid peei tulet\u00f5rjemaja aias, Vaida orus ja Abja m\u00f5isas)<\/li>\n<li>V\u00e4ga populaarsed olid v\u00f5istum\u00e4ngud: k\u00f6ievedu, v\u00e4gikaikavedu, sangpommit\u00f5stmine, k\u00f6ielronimine jms.<\/li>\n<li>Eesti Vabariigi aastatel tegelesid kultuurit\u00f6\u00f6ga Meestelaulu Selts, pasunakoor, haridusselts \u201eTulevik\u201d, haridusselts \u201eIdu\u201d, Naiskodukaitse ja Kaitseliit.<\/li>\n<li>S\u00f5ja ajal seltsitegevus soikus, inimesed olid v\u00e4sinud ja hirmul.<\/li>\n<\/ul>\n<p><strong>N\u00f5ukogude ajal<\/strong><\/p>\n<ul>\n<li>N\u00f5ukogude kord oli algusaastatel masendav ja hirmutav k\u00fc\u00fcditamiste ja arreteerimiste t\u00f5ttu<\/li>\n<li>\u00dcsna pea kultuurit\u00f6\u00f6 elavnes- p\u00f5hjuseks eesti inimese tahe v\u00e4ljendada oma rahvuslikku identiteeti, klubiasutuste rohkus, riigipoolne toetus, inimese tahe vabaneda igap\u00e4evaelu muredest ning soov oma v\u00f5imeid ja huvisid v\u00e4ljendada.<\/li>\n<li>1950-1962 juhtis kultuurit\u00f6\u00f6d Abja rajooni kultuuriosakond.<\/li>\n<li>Abja kultuurimaja (kuni 1963. aastani Abja Rajooni Kultuurimaja) direktorid vahetusid v\u00e4ga tihti.<\/li>\n<li>Aastail 1945-1954 oli kaksteist direktorit (pikemat aega olid Elli-Marie Leola, Maret Kandla, T\u00f5nu Pruuli.<\/li>\n<li>1945-1958 asus kultuurimaja tulet\u00f5rjeseltsi majas. T\u00f6\u00f6tada tuli halbades tingimustes, imetlusv\u00e4\u00e4rne oli inimeste tahe sellistes tingimustes tegutseda.<\/li>\n<li>Abja kultuurimaja hoonet ehitati 5 aastat (1953-1958)<\/li>\n<li>1970. aastal korraldati t\u00f6\u00f6 \u00fcmber ning kujunesid v\u00e4lja uudsed t\u00f6\u00f6vormid.<\/li>\n<li>Majas t\u00f6\u00f6tas arvukalt ringe: naiskoor (V.Kroon, osalisi 50); meeskoor (E.P\u00e4rna, A. Laanemets, osalejaid 36); puhkpilliorkester (O. Sepp, osalejaid 16); segarahvatantsur\u00fchm (A. Moll, osalejaid 16); naisrahvatantsur\u00fchm (A. Moll, osalejaid 12); karaktertantsur\u00fchm (A. Moll, A. Maahein, osalejaid 6); naisansambel (A. Laanemets, osalejaid 8); meesansambel (A. Laanemets, osalejaid 8); estraadiorkester (A. Murd, osalejaid 7); k\u00fclakapell (E. P\u00e4rna, osalejaid 7); vokaalsolistid, duod, triod (E. P\u00e4rna, A. Laanemets, osalejaid 9); n\u00e4itering (A. Maahein, osalejaid 24); laste tantsuring (E. Leola, osalejaid 10) ja estraadiring (A. Maahein, osalejaid 5).<\/li>\n<li>Koorid, ansamblid tegid proove kontoriruumis. Tantsur\u00fchmad ja n\u00e4itering said proove teha alles peale kella 23.00.<\/li>\n<li>Populaarne oli kultuurimajade vaheline iga-aastane rajooni isetegevus\u00fclevaatus, kus selgitati v\u00e4lja parimad kollektiivid ja kultuuriasutused.<\/li>\n<\/ul>\n<p><strong>\u00a0<\/strong><strong>Abja Kultuurimaja<\/strong><\/p>\n<ul>\n<li>Maja avati 06. novembril 1958 agro-zoopropaganda hoone nimetuse all.<\/li>\n<li>Loomingulisse personali kuulusid direktor, kunstiline juht ja instruktor. Lisandus tehniline personal.<\/li>\n<li>Kultuurimaja alla kuulus veel t\u00f6\u00f6 24 klubiga- k\u00f5ik klubid pidid koostama aastaplaani, kvartaliplaani ja kuut\u00f6\u00f6plaani (oli ju ikkagi plaanimajanduse aeg).<\/li>\n<li>1964. aastal korraldati esimesed laste kevadp\u00e4evad- m\u00e4ngiti, peeti spordiv\u00f5istlusi, toimus rongk\u00e4ik. Tehti otsus muuta need igakevadiseks traditsiooniks, mis arendas ja laiendas laste silmaringi. Kutsuti k\u00fclla lastele huvipakkuvaid inimesi (lastekirjanikke, kunstnikke, n\u00e4itlejaid, lastesaadete tegijaid). See traditsioon on s\u00e4ilinud t\u00e4naseni.<\/li>\n<li>1970-te algusaastail hakati korraldama m\u00e4lum\u00e4nge. Alustati 5-6 v\u00f5istkonnaga. Esimesed k\u00fcsimuste koostajad olid Tiit Lepam\u00e4e, Enno Liiber ja Kusti S\u00e4dem. Palju aastaid koostasid k\u00fcsimusi Aksel Tiideberg, Ants Lepland ja \u00dcrjo M\u00e4lksoo. M\u00e4lum\u00e4ng kestab t\u00e4naseni ja osalevaid v\u00f5istkondi on ca. 13.<\/li>\n<li>1978. aastal moodustati lastekoor, juhatajaks Elli-Marie Leola, \u00f5petajateks Viive Tiideberg ja Endla Tirgo.<\/li>\n<li>1990-te aastate algul j\u00e4tkasid tegevust segakoor \u201eKaja\u201d (dirigent Anne M\u00e4gi) ja naisrahvatantsur\u00fchm (juhendaja Heljo Lepam\u00e4e).<\/li>\n<li>Loodi uuesti n\u00e4itering, juhendajateks olid Valdo Pampa, Elli-Marie Leola ning Raivo Kutser.<\/li>\n<li>1992. aastal tuli kokku pension\u00e4ride klubi \u201eMeelespea\u201d, loomise initsiaatoriks Ilmar Hein. Klubil oli kapell, segaansambel, tantsur\u00fchm ja n\u00e4itering.<\/li>\n<li>Samal ajal alustas laste n\u00e4itering, mida juhtis Maarika Koks. Ring saavutas tunnustust nii maakonnas, vabariigis ja k\u00e4is ka rahvusvahelistel lasteteatrite festivalidel.<\/li>\n<li>Tegutsesid naisansambel (juhataja Anne M\u00e4gi) ning t\u00fctarlaste liikumisr\u00fchm (juhendaja Kersti K\u00fcnnapuu).<\/li>\n<li>1992. aastal viidi kultuurimaja omavalitsuse alluvusse ja finantseerimisele. Hakati otsima uusi kontakte.<\/li>\n<li>Abja p\u00e4evad on kujunenud alates 1995. aastast k\u00f5iki abjalasi, nii praegusi kui endisi, \u00fchendavaks suurs\u00fcndmuseks. Need on kultuuri-, spordi-, meelelahutuse-, kaubandus- ja kodukaunistamise pidup\u00e4evad.<\/li>\n<\/ul>\n<p><strong>\u00a0Allikas: \u201eAbja aastad ja inimesed\u201d Aksel Tiideberg; Abja 2007<\/strong><\/p>\n<p>&nbsp;<\/p>\n<p><strong><a href=\"http:\/\/abjakultuurimaja.ee\/uus\/wp-content\/uploads\/2014\/06\/ajalugu3.jpg\"><img decoding=\"async\" loading=\"lazy\" class=\"alignnone size-medium wp-image-126\" src=\"http:\/\/abjakultuurimaja.ee\/uus\/wp-content\/uploads\/2014\/06\/ajalugu3-300x225.jpg\" alt=\"ajalugu3\" width=\"300\" height=\"225\" srcset=\"http:\/\/abjakultuurimaja.ee\/uus\/wp-content\/uploads\/2014\/06\/ajalugu3-300x225.jpg 300w, http:\/\/abjakultuurimaja.ee\/uus\/wp-content\/uploads\/2014\/06\/ajalugu3.jpg 960w\" sizes=\"(max-width: 300px) 100vw, 300px\" \/><\/a><a href=\"http:\/\/abjakultuurimaja.ee\/uus\/wp-content\/uploads\/2014\/06\/ajalugu4.jpg\"><img decoding=\"async\" loading=\"lazy\" class=\"alignnone size-medium wp-image-127\" src=\"http:\/\/abjakultuurimaja.ee\/uus\/wp-content\/uploads\/2014\/06\/ajalugu4-300x225.jpg\" alt=\"ajalugu4\" width=\"300\" height=\"225\" srcset=\"http:\/\/abjakultuurimaja.ee\/uus\/wp-content\/uploads\/2014\/06\/ajalugu4-300x225.jpg 300w, http:\/\/abjakultuurimaja.ee\/uus\/wp-content\/uploads\/2014\/06\/ajalugu4.jpg 960w\" sizes=\"(max-width: 300px) 100vw, 300px\" \/><\/a><a href=\"http:\/\/abjakultuurimaja.ee\/uus\/wp-content\/uploads\/2014\/06\/ajalugu5.jpg\"><img decoding=\"async\" loading=\"lazy\" class=\"alignnone size-medium wp-image-128\" src=\"http:\/\/abjakultuurimaja.ee\/uus\/wp-content\/uploads\/2014\/06\/ajalugu5-300x225.jpg\" alt=\"ajalugu5\" width=\"300\" height=\"225\" srcset=\"http:\/\/abjakultuurimaja.ee\/uus\/wp-content\/uploads\/2014\/06\/ajalugu5-300x225.jpg 300w, http:\/\/abjakultuurimaja.ee\/uus\/wp-content\/uploads\/2014\/06\/ajalugu5.jpg 960w\" sizes=\"(max-width: 300px) 100vw, 300px\" \/><\/a><a href=\"http:\/\/abjakultuurimaja.ee\/uus\/wp-content\/uploads\/2014\/06\/ajalugu6.jpg\"><img decoding=\"async\" loading=\"lazy\" class=\"alignnone size-medium wp-image-129\" src=\"http:\/\/abjakultuurimaja.ee\/uus\/wp-content\/uploads\/2014\/06\/ajalugu6-300x225.jpg\" alt=\"ajalugu6\" width=\"300\" height=\"225\" srcset=\"http:\/\/abjakultuurimaja.ee\/uus\/wp-content\/uploads\/2014\/06\/ajalugu6-300x225.jpg 300w, http:\/\/abjakultuurimaja.ee\/uus\/wp-content\/uploads\/2014\/06\/ajalugu6.jpg 960w\" sizes=\"(max-width: 300px) 100vw, 300px\" \/><\/a><a href=\"http:\/\/abjakultuurimaja.ee\/uus\/wp-content\/uploads\/2014\/06\/ajalugu8.jpg\"><img decoding=\"async\" loading=\"lazy\" class=\"alignnone size-medium wp-image-131\" src=\"http:\/\/abjakultuurimaja.ee\/uus\/wp-content\/uploads\/2014\/06\/ajalugu8-300x225.jpg\" alt=\"ajalugu8\" width=\"300\" height=\"225\" srcset=\"http:\/\/abjakultuurimaja.ee\/uus\/wp-content\/uploads\/2014\/06\/ajalugu8-300x225.jpg 300w, http:\/\/abjakultuurimaja.ee\/uus\/wp-content\/uploads\/2014\/06\/ajalugu8.jpg 960w\" sizes=\"(max-width: 300px) 100vw, 300px\" \/><\/a><a href=\"http:\/\/abjakultuurimaja.ee\/uus\/wp-content\/uploads\/2014\/06\/ajalugu9.jpg\"><img decoding=\"async\" loading=\"lazy\" class=\"alignnone size-medium wp-image-133\" src=\"http:\/\/abjakultuurimaja.ee\/uus\/wp-content\/uploads\/2014\/06\/ajalugu9-300x225.jpg\" alt=\"ajalugu9\" width=\"300\" height=\"225\" srcset=\"http:\/\/abjakultuurimaja.ee\/uus\/wp-content\/uploads\/2014\/06\/ajalugu9-300x225.jpg 300w, http:\/\/abjakultuurimaja.ee\/uus\/wp-content\/uploads\/2014\/06\/ajalugu9.jpg 960w\" sizes=\"(max-width: 300px) 100vw, 300px\" \/><\/a><a href=\"http:\/\/abjakultuurimaja.ee\/uus\/wp-content\/uploads\/2014\/06\/Esitlus1.jpg\"><img decoding=\"async\" loading=\"lazy\" class=\"alignnone size-medium wp-image-134\" src=\"http:\/\/abjakultuurimaja.ee\/uus\/wp-content\/uploads\/2014\/06\/Esitlus1-300x225.jpg\" alt=\"Esitlus1\" width=\"300\" height=\"225\" srcset=\"http:\/\/abjakultuurimaja.ee\/uus\/wp-content\/uploads\/2014\/06\/Esitlus1-300x225.jpg 300w, http:\/\/abjakultuurimaja.ee\/uus\/wp-content\/uploads\/2014\/06\/Esitlus1.jpg 960w\" sizes=\"(max-width: 300px) 100vw, 300px\" \/><\/a><a href=\"http:\/\/abjakultuurimaja.ee\/uus\/wp-content\/uploads\/2014\/06\/Esitlus2.jpg\"><img decoding=\"async\" loading=\"lazy\" class=\"alignnone size-medium wp-image-135\" src=\"http:\/\/abjakultuurimaja.ee\/uus\/wp-content\/uploads\/2014\/06\/Esitlus2-300x225.jpg\" alt=\"Esitlus2\" width=\"300\" height=\"225\" srcset=\"http:\/\/abjakultuurimaja.ee\/uus\/wp-content\/uploads\/2014\/06\/Esitlus2-300x225.jpg 300w, http:\/\/abjakultuurimaja.ee\/uus\/wp-content\/uploads\/2014\/06\/Esitlus2.jpg 960w\" sizes=\"(max-width: 300px) 100vw, 300px\" \/><\/a><\/strong><\/p>\n","protected":false},"excerpt":{"rendered":"<p>Killukesi Abja kultuuriloost ja pilk kultuurimaja minevikku Eesti Vabariigi aeg 19. sajandi l\u00f5pul ja 20. sajandi algul kujunes v\u00e4lja seltsitegevus, kultuuriga tegelejateks olid haridusseltsid, raamatukoguseltsid ja vabatahtlikud tulet\u00f5rjeseltsid Abja Perak\u00fclas, Abja-Paluojal, Penujas ja Laatres. Abja-Paluoja Tulet\u00f5rje Seltsil oli puhkpilliorkester, n\u00e4itering, segakoor ja hiljem ka meeskoor. 1911. aastal moodustati Abjas esimene naiskoor, koori juhatas Raekson. Organiseeriti [&hellip;]<\/p>\n","protected":false},"author":1,"featured_media":0,"parent":0,"menu_order":0,"comment_status":"closed","ping_status":"closed","template":"page-templates\/full-width.php","meta":[],"_links":{"self":[{"href":"http:\/\/Abjakultuurimaja.ee\/uus\/wp-json\/wp\/v2\/pages\/32"}],"collection":[{"href":"http:\/\/Abjakultuurimaja.ee\/uus\/wp-json\/wp\/v2\/pages"}],"about":[{"href":"http:\/\/Abjakultuurimaja.ee\/uus\/wp-json\/wp\/v2\/types\/page"}],"author":[{"embeddable":true,"href":"http:\/\/Abjakultuurimaja.ee\/uus\/wp-json\/wp\/v2\/users\/1"}],"replies":[{"embeddable":true,"href":"http:\/\/Abjakultuurimaja.ee\/uus\/wp-json\/wp\/v2\/comments?post=32"}],"version-history":[{"count":2,"href":"http:\/\/Abjakultuurimaja.ee\/uus\/wp-json\/wp\/v2\/pages\/32\/revisions"}],"predecessor-version":[{"id":136,"href":"http:\/\/Abjakultuurimaja.ee\/uus\/wp-json\/wp\/v2\/pages\/32\/revisions\/136"}],"wp:attachment":[{"href":"http:\/\/Abjakultuurimaja.ee\/uus\/wp-json\/wp\/v2\/media?parent=32"}],"curies":[{"name":"wp","href":"https:\/\/api.w.org\/{rel}","templated":true}]}}