{"id":22,"date":"2014-06-06T09:35:17","date_gmt":"2014-06-06T06:35:17","guid":{"rendered":"http:\/\/abjakultuurimaja.ee\/uus\/?page_id=22"},"modified":"2015-10-15T17:02:54","modified_gmt":"2015-10-15T14:02:54","slug":"teenused","status":"publish","type":"page","link":"http:\/\/Abjakultuurimaja.ee\/uus\/teenused\/","title":{"rendered":"Teenused"},"content":{"rendered":"<h1>RUUMIDE \u00dc\u00dcRIMINE<\/h1>\n<ul>\n<li><strong>SUUR SAAL<\/strong> \u00a0&#8211; p\u00e4evane aeg 8 eur\/h; \u00f5htune aeg 10 eur\/tund<\/li>\n<li><strong>V\u00c4IKE SAAL-<\/strong> p\u00e4evane aeg 5 eur\/tund; \u00f5htune aeg 7 eur\/tund<\/li>\n<li>Kokkuleppeliselt kultuurimajaga v\u00f5imalus rentida kogu maja.<\/li>\n<\/ul>\n<h1>Prinitimine\/koopia<\/h1>\n<ul>\n<li><strong>A4 mustvalge<\/strong> \u00fchepoolne 0.10 eurot; kahepoolne 0.15 eurot; foto\/pilt 0.30 eurot<\/li>\n<li><strong>A3 mustvalge<\/strong> \u00fchepoolne 0.15 eurot; kahepoolne 0.30 eurot; foto\/pilt 0.50 eurot<\/li>\n<li><strong>A4 v\u00e4rviline<\/strong> \u00fchepoolne 1.00 eurot; kahepoolne 1.80 eurot; foto\/pilt 3.00 eurot<\/li>\n<\/ul>\n<h1>Diaprojektori rent<\/h1>\n<ul>\n<li>kuni 5 tundi 5.00 eurot<\/li>\n<li>1 p\u00e4ev 8 eurot<\/li>\n<\/ul>\n<h1>Lauan\u00f5ude kasutamine<\/h1>\n<ul>\n<li>anname kasutada j\u00e4rgmisi lauan\u00f5usid hinnaga 0.10 eurot\/tk:<\/li>\n<\/ul>\n<p>praetaldrik; desserttaldrik; kohvitass alustassiga; ovaalne vaagen; salatikauss suur; salatikauss v\u00e4ike; lauanuga; lauakahvel; supilusikas; teelusikas; joogiklaas; \u0161ampuse pokaal; magustoidu pokaal; morsikann; suhkrutoos<\/p>\n<ul>\n<li>koorekannu kasutamine 0.20 eurot\/tk<\/li>\n<li>termos (3 l) 1.00 eurot\/tk<\/li>\n<li>termos (10 l) 3.00 eurot \/tk<\/li>\n<li>laualina v\u00e4ike 0.25 eurot\/tk<\/li>\n<li>laualina suur 1.00 eurot\/tk<\/li>\n<\/ul>\n<h1>P\u00fcstiseisulaua rent<\/h1>\n<p>P\u00fcstiseisulaud (20tk) renditakse koos stret\u015bkattega (punane, sinine). Lauakate tagastatakse pestuna.<\/p>\n<ul>\n<li>1 \u00f6\u00f6p\u00e4ev 5.00 eurot\/tk<\/li>\n<\/ul>\n<p><strong>NB! Eseme rikkumise\/kaotamise korral asendab laenutaja eseme v\u00f5i tasub eseme 3 korde v\u00e4\u00e4rtuse.<\/strong><\/p>\n<p><em>Alus: Abja Vallavalitsuse korraldus nr. 137 &#8220;Abja Kultuurimaja tasuliste teenuste hinnakirja kehtestamine&#8221;<\/em><\/p>\n","protected":false},"excerpt":{"rendered":"<p>RUUMIDE \u00dc\u00dcRIMINE SUUR SAAL \u00a0&#8211; p\u00e4evane aeg 8 eur\/h; \u00f5htune aeg 10 eur\/tund V\u00c4IKE SAAL- p\u00e4evane aeg 5 eur\/tund; \u00f5htune aeg 7 eur\/tund Kokkuleppeliselt kultuurimajaga v\u00f5imalus rentida kogu maja. Prinitimine\/koopia A4 mustvalge \u00fchepoolne 0.10 eurot; kahepoolne 0.15 eurot; foto\/pilt 0.30 eurot A3 mustvalge \u00fchepoolne 0.15 eurot; kahepoolne 0.30 eurot; foto\/pilt 0.50 eurot A4 v\u00e4rviline \u00fchepoolne [&hellip;]<\/p>\n","protected":false},"author":1,"featured_media":0,"parent":0,"menu_order":0,"comment_status":"closed","ping_status":"closed","template":"","meta":[],"_links":{"self":[{"href":"http:\/\/Abjakultuurimaja.ee\/uus\/wp-json\/wp\/v2\/pages\/22"}],"collection":[{"href":"http:\/\/Abjakultuurimaja.ee\/uus\/wp-json\/wp\/v2\/pages"}],"about":[{"href":"http:\/\/Abjakultuurimaja.ee\/uus\/wp-json\/wp\/v2\/types\/page"}],"author":[{"embeddable":true,"href":"http:\/\/Abjakultuurimaja.ee\/uus\/wp-json\/wp\/v2\/users\/1"}],"replies":[{"embeddable":true,"href":"http:\/\/Abjakultuurimaja.ee\/uus\/wp-json\/wp\/v2\/comments?post=22"}],"version-history":[{"count":6,"href":"http:\/\/Abjakultuurimaja.ee\/uus\/wp-json\/wp\/v2\/pages\/22\/revisions"}],"predecessor-version":[{"id":1978,"href":"http:\/\/Abjakultuurimaja.ee\/uus\/wp-json\/wp\/v2\/pages\/22\/revisions\/1978"}],"wp:attachment":[{"href":"http:\/\/Abjakultuurimaja.ee\/uus\/wp-json\/wp\/v2\/media?parent=22"}],"curies":[{"name":"wp","href":"https:\/\/api.w.org\/{rel}","templated":true}]}}