{"id":178,"date":"2014-10-03T10:09:45","date_gmt":"2014-10-03T07:09:45","guid":{"rendered":"http:\/\/abjakultuurimaja.ee\/uus\/?page_id=178"},"modified":"2024-11-06T12:08:17","modified_gmt":"2024-11-06T10:08:17","slug":"kollektiividlaulukoor","status":"publish","type":"page","link":"http:\/\/Abjakultuurimaja.ee\/uus\/kollektiividlaulukoor\/","title":{"rendered":"Abja naiskoor \u00d5be\u00e4idsme"},"content":{"rendered":"<div>\n<p>Abja naiskoor \u00d5be\u00e4idsme alustas tegevust 2012. aastal. T\u00e4na k\u00f5lavad kooris kenasti kokku paark\u00fcmmend h\u00e4\u00e4lt. Naised-neiud, kellel tekib soov kaasa laulda \u2013 alustage sellest, et tulete meie kooriproovi k\u00fclaliseks! Oleme teel 2024.suvel toimuvale vaimulikule laulup\u00e4evale \u201eR\u00f5\u00f5m \u00fcle maa\u201c Viljandis ning 2025.aasta XXVIII \u00dcldlaulupeole Tallinnas.<\/p>\n<p>Meie korralised proovid toimuvad teisip\u00e4eviti kell 18.00-20.00 Abja kultuurimaja kuldav\u00e4\u00e4rt akustikaga saalis. Kui ees on m\u00f5ni olulisem katsumus, teeme lisaproovid v\u00f5i laululaagri. Koorijuhiks on alates 2020.aastast K\u00fclli Salum\u00e4e ning kontsertmeistriks Ruth M\u00f5ttus.<\/p>\n<p>K\u00f5ige soojema s\u00fcdamega laulame Abja ja Mulgi valla kogukonnale, kuid kindlasti oleme kohal ka suurtel kooslaulmistel \u2013 \u00dcld-ja Viljandimaa laulupidudel, naiskooride ja vaimulikel laulup\u00e4evadel, Mulgi pidudel ja Vaba Rahva Laulul.<\/p>\n<p>Meie v\u00e4ljas\u00f5itudel ei taha naer ja nali l\u00f5ppeda, kuid kooriproovidesse ja esinemistesse suhtume suure t\u00f5sidusega. Laulame nii koorimuusika klassikat kui kergemuusikat, igas proovis seame ka h\u00e4\u00e4lt ja hingamist. \u00d5ppides ja harjutades kosuvad oskused ja mida s\u00e4ravamaks saavad esinemised laval, seda s\u00f6akamalt v\u00f5tame proovides ette keerukamat repertuaari.<\/p>\n<p><em>Naises on kannatlikkus ja rahu, tulisus ja s\u00f5jakus. Naises on loomine, ilu ja v\u00e4\u00e4rikus, m\u00f5istmine ja andestus. Naises on hellus ja armastus. Ta on elu andja ja kandja. Temas on\u00a0 nii palju. Nagu ta lauludeski, mis algavad lapsep\u00f5lvest ja helisevad edasi aegade l\u00f5puni \u00fcle Maarjamaa.<\/em><\/p>\n<p><em>Nais- ja neidudekooride laulup\u00e4ev \u201e\u00dcle Maarjamaa\u201c P\u00e4rnus 2016<\/em><\/p>\n<p>\u00a0<\/p>\n<p><em>\u00a0<\/em><\/p>\n<\/div>\n<div>\u00a0<\/div>\n<p>\u00a0<\/p>\n\n\n<figure class=\"wp-block-image size-medium\"><a href=\"http:\/\/abjakultuurimaja.ee\/uus\/wp-content\/uploads\/2024\/11\/Obeaidsme-Kihelkonna-kirikus24.jpg\"><img decoding=\"async\" loading=\"lazy\" width=\"300\" height=\"225\" src=\"http:\/\/abjakultuurimaja.ee\/uus\/wp-content\/uploads\/2024\/11\/Obeaidsme-Kihelkonna-kirikus24-300x225.jpg\" alt=\"\" class=\"wp-image-7945\" srcset=\"http:\/\/abjakultuurimaja.ee\/uus\/wp-content\/uploads\/2024\/11\/Obeaidsme-Kihelkonna-kirikus24-300x225.jpg 300w, http:\/\/abjakultuurimaja.ee\/uus\/wp-content\/uploads\/2024\/11\/Obeaidsme-Kihelkonna-kirikus24-1024x768.jpg 1024w, http:\/\/abjakultuurimaja.ee\/uus\/wp-content\/uploads\/2024\/11\/Obeaidsme-Kihelkonna-kirikus24-768x576.jpg 768w, http:\/\/abjakultuurimaja.ee\/uus\/wp-content\/uploads\/2024\/11\/Obeaidsme-Kihelkonna-kirikus24-1536x1152.jpg 1536w, http:\/\/abjakultuurimaja.ee\/uus\/wp-content\/uploads\/2024\/11\/Obeaidsme-Kihelkonna-kirikus24.jpg 2048w\" sizes=\"(max-width: 300px) 100vw, 300px\" \/><\/a><\/figure>\n","protected":false},"excerpt":{"rendered":"<p>Abja naiskoor \u00d5be\u00e4idsme alustas tegevust 2012. aastal. T\u00e4na k\u00f5lavad kooris kenasti kokku paark\u00fcmmend h\u00e4\u00e4lt. Naised-neiud, kellel tekib soov kaasa laulda \u2013 alustage sellest, et tulete meie kooriproovi k\u00fclaliseks! Oleme teel 2024.suvel toimuvale vaimulikule laulup\u00e4evale \u201eR\u00f5\u00f5m \u00fcle maa\u201c Viljandis ning 2025.aasta XXVIII \u00dcldlaulupeole Tallinnas. Meie korralised proovid toimuvad teisip\u00e4eviti kell 18.00-20.00 Abja kultuurimaja kuldav\u00e4\u00e4rt akustikaga saalis. [&hellip;]<\/p>\n","protected":false},"author":1,"featured_media":0,"parent":0,"menu_order":2,"comment_status":"closed","ping_status":"closed","template":"","meta":[],"_links":{"self":[{"href":"http:\/\/Abjakultuurimaja.ee\/uus\/wp-json\/wp\/v2\/pages\/178"}],"collection":[{"href":"http:\/\/Abjakultuurimaja.ee\/uus\/wp-json\/wp\/v2\/pages"}],"about":[{"href":"http:\/\/Abjakultuurimaja.ee\/uus\/wp-json\/wp\/v2\/types\/page"}],"author":[{"embeddable":true,"href":"http:\/\/Abjakultuurimaja.ee\/uus\/wp-json\/wp\/v2\/users\/1"}],"replies":[{"embeddable":true,"href":"http:\/\/Abjakultuurimaja.ee\/uus\/wp-json\/wp\/v2\/comments?post=178"}],"version-history":[{"count":13,"href":"http:\/\/Abjakultuurimaja.ee\/uus\/wp-json\/wp\/v2\/pages\/178\/revisions"}],"predecessor-version":[{"id":7948,"href":"http:\/\/Abjakultuurimaja.ee\/uus\/wp-json\/wp\/v2\/pages\/178\/revisions\/7948"}],"wp:attachment":[{"href":"http:\/\/Abjakultuurimaja.ee\/uus\/wp-json\/wp\/v2\/media?parent=178"}],"curies":[{"name":"wp","href":"https:\/\/api.w.org\/{rel}","templated":true}]}}